{"id":217,"date":"2022-09-28T12:00:13","date_gmt":"2022-09-28T10:00:13","guid":{"rendered":"https:\/\/perrincams.com\/?post_type=product&#038;p=217"},"modified":"2025-10-16T10:11:00","modified_gmt":"2025-10-16T08:11:00","slug":"set-di-6-nuts-perrin","status":"publish","type":"product","link":"https:\/\/perrincams.com\/fr\/produit\/set-di-6-nuts-perrin\/","title":{"rendered":"Set de 6 coinceurs m\u00e9caniques (actifs) Perrin"},"content":{"rendered":"<h3>Set de 6 coinceurs m\u00e9caniques (actifs) Perrin<\/h3>\n<p>Set compos\u00e9 de 6 coinceurs m\u00e9caniques (actifs) allant de la taille XS \u00e0 la taille XXL, pour des fissures de 10 \u00e0 46 mm. T\u00eate en aluminium et c\u00e2bles en acier. Syst\u00e8me unique brevet\u00e9 Perrin, qui garantit une insertion et une extraction sans effort du coinceur.<\/p>\n<h3>Mesures et sp\u00e9cifications:<\/h3>\n<p class=\" translation-block\">Taille \u201c<strong>XS<\/strong>\u201c, Jaune \u2013 R\u00e9sistance <strong>850 Kg<\/strong>\u00a0\u2013 Pour fissures de <strong>10<\/strong> \u00e0 <strong>16 mm<\/strong> \u2013 Poids: <strong>49 grammes<\/strong>.<br>\nTaille \u201c<strong>S<\/strong>\u201c, Orange \u2013 R\u00e9sistance <strong>850 Kg<\/strong>\u00a0\u2013 Pour fissures de <strong>13<\/strong> \u00e0 <strong>19 mm<\/strong> \u2013 Poids: <strong>51 grammes <\/strong>.<br>\nTaille \u201c<strong>M<\/strong>\u201c, Vert \u2013 R\u00e9sistance <strong>850 Kg<\/strong>\u00a0\u2013 Pour fissures de <strong>16<\/strong> \u00e0 <strong>23 mm<\/strong> \u2013 Poids: <strong>58 grammes <\/strong>.<br>\nTaille \u201c<strong>L<\/strong>\u201c, Bleu \u2013 R\u00e9sistance <strong>1400 Kg<\/strong>\u00a0\u2013 Pour fissures de <strong>21<\/strong> \u00e0 <strong>28 mm<\/strong> \u2013 Poids: <strong>95 grammes <\/strong>.<br>\nTaille \u201c<strong>XL<\/strong>\u201c, Rouge \u2013 R\u00e9sistance <strong>1400 Kg<\/strong>\u00a0\u2013 Pour fissures de <strong>27<\/strong> \u00e0 <strong>36 mm<\/strong> \u2013 Poids: <strong>122 grammes <\/strong>.<br>\nTaille \u201c<strong>XXL<\/strong>\u201c, Noir \u2013 R\u00e9sistance <strong>1400 Kg<\/strong>\u00a0\u2013 Pour fissures de <strong>34<\/strong> \u00e0 <strong>46 mm<\/strong> \u2013 Poids: <strong>161 grammes <\/strong>.<\/p>\n<h3>Dimensions:<\/h3>\n<p>Pour plus de d\u00e9tails, <a href=\"https:\/\/perrincams.com\/fr\/dimensions\/\" target=\"_blank\" rel=\"noopener\">cliquer ici<\/a>.<\/p>\n<h3>Test:<\/h3>\n<p>Les coinceurs ont pass\u00e9 avec succ\u00e8s les <strong>tests<\/strong> r\u00e9alis\u00e9e par J.-F. Charlet dans les laboratoires de l'ENSA \u00e0 Chamonix-Mont-Blanc (France).<\/p>\n<p>Pour consulter le test,\u00a0<a href=\"https:\/\/perrincams.com\/fr\/tests\/\" target=\"_blank\" rel=\"noopener\">cliquer ici<\/a>.<\/p>","protected":false},"excerpt":{"rendered":"<p>Jeu compos\u00e9 de 6 coinceurs m\u00e9caniques actifs en 6 tailles, pour les fissures de 10 mm \u00e0 46 mm. T\u00eate en aluminium et c\u00e2bles en acier.<\/p>\n<p>Syst\u00e8me unique brevet\u00e9 Perrin qui garantit une insertion et une extraction sans effort du coinceur.<\/p>","protected":false},"featured_media":480,"comment_status":"open","ping_status":"closed","template":"","meta":[],"product_brand":[],"product_cat":[36],"product_tag":[],"class_list":{"0":"post-217","1":"product","2":"type-product","3":"status-publish","4":"has-post-thumbnail","6":"product_cat-climbing","8":"first","9":"instock","10":"purchasable","11":"product-type-simple"},"yoast_head":"<!-- This site is optimized with the Yoast SEO plugin v27.3 - https:\/\/yoast.com\/product\/yoast-seo-wordpress\/ -->\n<title>Set di 6 Nuts meccanici (attivi) Perrin - Perrin Cams<\/title>\n<meta name=\"robots\" content=\"index, follow, max-snippet:-1, max-image-preview:large, max-video-preview:-1\" \/>\n<link rel=\"canonical\" href=\"https:\/\/perrincams.com\/fr\/product\/set-di-6-nuts-perrin\/\" \/>\n<meta property=\"og:locale\" content=\"fr_FR\" \/>\n<meta property=\"og:type\" content=\"article\" \/>\n<meta property=\"og:title\" content=\"Set di 6 Nuts meccanici (attivi) Perrin - Perrin Cams\" \/>\n<meta property=\"og:description\" content=\"Set composto da 6 Nuts meccanici attivi in 6 dimensioni, per fessure da 10 mm a 46 mm. Testa in alluminio e cavi in acciaio.  Sistema brevettato Perrin unico al mondo, che garantisce l&#039;inserimento e l&#039;estrazione del nut senza sforzi.\" \/>\n<meta property=\"og:url\" content=\"https:\/\/perrincams.com\/fr\/product\/set-di-6-nuts-perrin\/\" \/>\n<meta property=\"og:site_name\" content=\"Perrin Cams\" \/>\n<meta property=\"article:modified_time\" content=\"2025-10-16T08:11:00+00:00\" \/>\n<meta property=\"og:image\" content=\"https:\/\/perrincams.com\/wp-content\/uploads\/2022\/09\/6-cams.jpg\" \/>\n\t<meta property=\"og:image:width\" content=\"1600\" \/>\n\t<meta property=\"og:image:height\" content=\"1600\" \/>\n\t<meta property=\"og:image:type\" content=\"image\/jpeg\" \/>\n<meta name=\"twitter:card\" content=\"summary_large_image\" \/>\n<meta name=\"twitter:label1\" content=\"Dur\u00e9e de lecture estim\u00e9e\" \/>\n\t<meta name=\"twitter:data1\" content=\"2 minutes\" \/>\n<script type=\"application\/ld+json\" class=\"yoast-schema-graph\">{\"@context\":\"https:\\\/\\\/schema.org\",\"@graph\":[{\"@type\":\"WebPage\",\"@id\":\"https:\\\/\\\/perrincams.com\\\/product\\\/set-di-6-nuts-perrin\\\/\",\"url\":\"https:\\\/\\\/perrincams.com\\\/product\\\/set-di-6-nuts-perrin\\\/\",\"name\":\"Set di 6 Nuts meccanici (attivi) Perrin - Perrin Cams\",\"isPartOf\":{\"@id\":\"https:\\\/\\\/perrincams.com\\\/#website\"},\"primaryImageOfPage\":{\"@id\":\"https:\\\/\\\/perrincams.com\\\/product\\\/set-di-6-nuts-perrin\\\/#primaryimage\"},\"image\":{\"@id\":\"https:\\\/\\\/perrincams.com\\\/product\\\/set-di-6-nuts-perrin\\\/#primaryimage\"},\"thumbnailUrl\":\"https:\\\/\\\/perrincams.com\\\/wp-content\\\/uploads\\\/2022\\\/09\\\/6-cams.jpg\",\"datePublished\":\"2022-09-28T10:00:13+00:00\",\"dateModified\":\"2025-10-16T08:11:00+00:00\",\"breadcrumb\":{\"@id\":\"https:\\\/\\\/perrincams.com\\\/product\\\/set-di-6-nuts-perrin\\\/#breadcrumb\"},\"inLanguage\":\"fr-FR\",\"potentialAction\":[{\"@type\":\"ReadAction\",\"target\":[\"https:\\\/\\\/perrincams.com\\\/product\\\/set-di-6-nuts-perrin\\\/\"]}]},{\"@type\":\"ImageObject\",\"inLanguage\":\"fr-FR\",\"@id\":\"https:\\\/\\\/perrincams.com\\\/product\\\/set-di-6-nuts-perrin\\\/#primaryimage\",\"url\":\"https:\\\/\\\/perrincams.com\\\/wp-content\\\/uploads\\\/2022\\\/09\\\/6-cams.jpg\",\"contentUrl\":\"https:\\\/\\\/perrincams.com\\\/wp-content\\\/uploads\\\/2022\\\/09\\\/6-cams.jpg\",\"width\":1600,\"height\":1600,\"caption\":\"Set di 6 nuts Perrin\"},{\"@type\":\"BreadcrumbList\",\"@id\":\"https:\\\/\\\/perrincams.com\\\/product\\\/set-di-6-nuts-perrin\\\/#breadcrumb\",\"itemListElement\":[{\"@type\":\"ListItem\",\"position\":1,\"name\":\"Home\",\"item\":\"https:\\\/\\\/perrincams.com\\\/\"},{\"@type\":\"ListItem\",\"position\":2,\"name\":\"Shop\",\"item\":\"https:\\\/\\\/perrincams.com\\\/shop\\\/\"},{\"@type\":\"ListItem\",\"position\":3,\"name\":\"Set di 6 Nuts meccanici (attivi) Perrin\"}]},{\"@type\":\"WebSite\",\"@id\":\"https:\\\/\\\/perrincams.com\\\/#website\",\"url\":\"https:\\\/\\\/perrincams.com\\\/\",\"name\":\"Perrin Cams\",\"description\":\"Cams Revolution\",\"publisher\":{\"@id\":\"https:\\\/\\\/perrincams.com\\\/#organization\"},\"potentialAction\":[{\"@type\":\"SearchAction\",\"target\":{\"@type\":\"EntryPoint\",\"urlTemplate\":\"https:\\\/\\\/perrincams.com\\\/?s={search_term_string}\"},\"query-input\":{\"@type\":\"PropertyValueSpecification\",\"valueRequired\":true,\"valueName\":\"search_term_string\"}}],\"inLanguage\":\"fr-FR\"},{\"@type\":\"Organization\",\"@id\":\"https:\\\/\\\/perrincams.com\\\/#organization\",\"name\":\"Perrin Cams\",\"url\":\"https:\\\/\\\/perrincams.com\\\/\",\"logo\":{\"@type\":\"ImageObject\",\"inLanguage\":\"fr-FR\",\"@id\":\"https:\\\/\\\/perrincams.com\\\/#\\\/schema\\\/logo\\\/image\\\/\",\"url\":\"https:\\\/\\\/perrincams.com\\\/wp-content\\\/uploads\\\/2022\\\/10\\\/perrin-cams-170x44b.png\",\"contentUrl\":\"https:\\\/\\\/perrincams.com\\\/wp-content\\\/uploads\\\/2022\\\/10\\\/perrin-cams-170x44b.png\",\"width\":170,\"height\":44,\"caption\":\"Perrin Cams\"},\"image\":{\"@id\":\"https:\\\/\\\/perrincams.com\\\/#\\\/schema\\\/logo\\\/image\\\/\"}}]}<\/script>\n<!-- \/ Yoast SEO plugin. -->","yoast_head_json":{"title":"Set di 6 Nuts meccanici (attivi) Perrin - Perrin Cams","robots":{"index":"index","follow":"follow","max-snippet":"max-snippet:-1","max-image-preview":"max-image-preview:large","max-video-preview":"max-video-preview:-1"},"canonical":"https:\/\/perrincams.com\/fr\/product\/set-di-6-nuts-perrin\/","og_locale":"fr_FR","og_type":"article","og_title":"Set di 6 Nuts meccanici (attivi) Perrin - Perrin Cams","og_description":"Set composto da 6 Nuts meccanici attivi in 6 dimensioni, per fessure da 10 mm a 46 mm. Testa in alluminio e cavi in acciaio.  Sistema brevettato Perrin unico al mondo, che garantisce l'inserimento e l'estrazione del nut senza sforzi.","og_url":"https:\/\/perrincams.com\/fr\/product\/set-di-6-nuts-perrin\/","og_site_name":"Perrin Cams","article_modified_time":"2025-10-16T08:11:00+00:00","og_image":[{"width":1600,"height":1600,"url":"https:\/\/perrincams.com\/wp-content\/uploads\/2022\/09\/6-cams.jpg","type":"image\/jpeg"}],"twitter_card":"summary_large_image","twitter_misc":{"Dur\u00e9e de lecture estim\u00e9e":"2 minutes"},"schema":{"@context":"https:\/\/schema.org","@graph":[{"@type":"WebPage","@id":"https:\/\/perrincams.com\/product\/set-di-6-nuts-perrin\/","url":"https:\/\/perrincams.com\/product\/set-di-6-nuts-perrin\/","name":"Set di 6 Nuts meccanici (attivi) Perrin - Perrin Cams","isPartOf":{"@id":"https:\/\/perrincams.com\/#website"},"primaryImageOfPage":{"@id":"https:\/\/perrincams.com\/product\/set-di-6-nuts-perrin\/#primaryimage"},"image":{"@id":"https:\/\/perrincams.com\/product\/set-di-6-nuts-perrin\/#primaryimage"},"thumbnailUrl":"https:\/\/perrincams.com\/wp-content\/uploads\/2022\/09\/6-cams.jpg","datePublished":"2022-09-28T10:00:13+00:00","dateModified":"2025-10-16T08:11:00+00:00","breadcrumb":{"@id":"https:\/\/perrincams.com\/product\/set-di-6-nuts-perrin\/#breadcrumb"},"inLanguage":"fr-FR","potentialAction":[{"@type":"ReadAction","target":["https:\/\/perrincams.com\/product\/set-di-6-nuts-perrin\/"]}]},{"@type":"ImageObject","inLanguage":"fr-FR","@id":"https:\/\/perrincams.com\/product\/set-di-6-nuts-perrin\/#primaryimage","url":"https:\/\/perrincams.com\/wp-content\/uploads\/2022\/09\/6-cams.jpg","contentUrl":"https:\/\/perrincams.com\/wp-content\/uploads\/2022\/09\/6-cams.jpg","width":1600,"height":1600,"caption":"Set di 6 nuts Perrin"},{"@type":"BreadcrumbList","@id":"https:\/\/perrincams.com\/product\/set-di-6-nuts-perrin\/#breadcrumb","itemListElement":[{"@type":"ListItem","position":1,"name":"Home","item":"https:\/\/perrincams.com\/"},{"@type":"ListItem","position":2,"name":"Shop","item":"https:\/\/perrincams.com\/shop\/"},{"@type":"ListItem","position":3,"name":"Set di 6 Nuts meccanici (attivi) Perrin"}]},{"@type":"WebSite","@id":"https:\/\/perrincams.com\/#website","url":"https:\/\/perrincams.com\/","name":"Perrin Cams","description":"Cams Revolution","publisher":{"@id":"https:\/\/perrincams.com\/#organization"},"potentialAction":[{"@type":"SearchAction","target":{"@type":"EntryPoint","urlTemplate":"https:\/\/perrincams.com\/?s={search_term_string}"},"query-input":{"@type":"PropertyValueSpecification","valueRequired":true,"valueName":"search_term_string"}}],"inLanguage":"fr-FR"},{"@type":"Organization","@id":"https:\/\/perrincams.com\/#organization","name":"Perrin Cams","url":"https:\/\/perrincams.com\/","logo":{"@type":"ImageObject","inLanguage":"fr-FR","@id":"https:\/\/perrincams.com\/#\/schema\/logo\/image\/","url":"https:\/\/perrincams.com\/wp-content\/uploads\/2022\/10\/perrin-cams-170x44b.png","contentUrl":"https:\/\/perrincams.com\/wp-content\/uploads\/2022\/10\/perrin-cams-170x44b.png","width":170,"height":44,"caption":"Perrin Cams"},"image":{"@id":"https:\/\/perrincams.com\/#\/schema\/logo\/image\/"}}]}},"_links":{"self":[{"href":"https:\/\/perrincams.com\/fr\/wp-json\/wp\/v2\/product\/217","targetHints":{"allow":["GET"]}}],"collection":[{"href":"https:\/\/perrincams.com\/fr\/wp-json\/wp\/v2\/product"}],"about":[{"href":"https:\/\/perrincams.com\/fr\/wp-json\/wp\/v2\/types\/product"}],"replies":[{"embeddable":true,"href":"https:\/\/perrincams.com\/fr\/wp-json\/wp\/v2\/comments?post=217"}],"wp:featuredmedia":[{"embeddable":true,"href":"https:\/\/perrincams.com\/fr\/wp-json\/wp\/v2\/media\/480"}],"wp:attachment":[{"href":"https:\/\/perrincams.com\/fr\/wp-json\/wp\/v2\/media?parent=217"}],"wp:term":[{"taxonomy":"product_brand","embeddable":true,"href":"https:\/\/perrincams.com\/fr\/wp-json\/wp\/v2\/product_brand?post=217"},{"taxonomy":"product_cat","embeddable":true,"href":"https:\/\/perrincams.com\/fr\/wp-json\/wp\/v2\/product_cat?post=217"},{"taxonomy":"product_tag","embeddable":true,"href":"https:\/\/perrincams.com\/fr\/wp-json\/wp\/v2\/product_tag?post=217"}],"curies":[{"name":"wp","href":"https:\/\/api.w.org\/{rel}","templated":true}]}}