{"id":143,"date":"2022-11-17T16:22:42","date_gmt":"2022-11-17T15:22:42","guid":{"rendered":"https:\/\/perrincams.com\/?page_id=143"},"modified":"2025-10-16T10:19:44","modified_gmt":"2025-10-16T08:19:44","slug":"refund_returns","status":"publish","type":"page","link":"https:\/\/perrincams.com\/fr\/refund_returns\/","title":{"rendered":"Politica di Rimborso, Reso e Tasse"},"content":{"rendered":"<h2 class=\"wp-block-heading\">Politique de Remboursement et Retour<\/h2>\n\n\n\n<hr class=\"wp-block-separator has-alpha-channel-opacity\"\/>\n\n\n\n<p>Nous avons une politique de retour de 30 jours, ce qui signifie que vous disposez de 30 jours apr\u00e8s la r\u00e9ception de l'article pour retourner l'article et une demande de remboursement.<\/p>\n\n\n\n<p>Pour effectuer un retour, l'article doit \u00eatre dans le m\u00eame \u00e9tat que celui dans lequel que vous l'avez re\u00e7u, non utilis\u00e9, avec les \u00e9tiquettes d'origine et dans l'emballage d'origine. Un re\u00e7u ou une preuve d'achat est \u00e9galement requis.<\/p>\n\n\n\n<p>Pour effectuer un retour, vous pouvez nous contacter \u00e0 info@perrincams.com. Veuillez noter que les retours doivent \u00eatre envoy\u00e9s \u00e0 l'adresse suivante:<\/p>\n\n\n\n<p><strong>Giannino Parillo<\/strong> (Perrin Cams)<\/p>\n\n\n\n<p><strong>Rue de la Grande Charri\u00e8re, 24<\/strong><\/p>\n\n\n\n<p><strong>1904 Vernayaz, Valais<\/strong><\/p>\n\n\n\n<p><strong>Switzerland<\/strong><\/p>\n\n\n\n<p>Si votre retour est accept\u00e9, nous vous enverrons une \u00e9tiquette de retour et des instructions sur la mani\u00e8re et l'endroit o\u00f9 envoyer le colis. Les articles retourn\u00e9s sans demande de retour ne seront pas accept\u00e9s. Si votre Pays de r\u00e9sidence n'est pas la Suisse, l'exp\u00e9dition des marchandises peut prendre plus de temps que pr\u00e9vu.<\/p>\n\n\n\n<p>Si vous avez des questions concernant les retours, vous pouvez toujours nous contacter \u00e0 l'adresse info@perrincams.com.<\/p>\n\n\n\n<h3 class=\"wp-block-heading\">Dommages et Dysfonctionnements<\/h3>\n\n\n\n<p>Veuillez v\u00e9rifier votre commande d\u00e8s r\u00e9ception et nous contacter imm\u00e9diatement si l'article est d\u00e9fectueux, endommag\u00e9 ou si vous avez re\u00e7u le mauvais article, afin que nous puissions \u00e9valuer le probl\u00e8me et le r\u00e9soudre.<\/p>\n\n\n\n<p>Certains types d'articles ne peuvent pas \u00eatre retourn\u00e9s, comme les commandes personnalis\u00e9es (commandes sp\u00e9ciales ou articles personnalis\u00e9s). Veuillez nous contacter si vous avez des questions ou des pr\u00e9occupations concernant un article sp\u00e9cifique.<\/p>\n\n\n\n<p>Malheureusement, nous ne pouvons pas accepter les retours d'articles sold\u00e9s ou de cartes-cadeaux.<\/p>\n\n\n\n<h3 class=\"wp-block-heading\">Echanges<\/h3>\n\n\n\n<p>Le moyen le plus rapide de vous assurer que vous obtenez ce que vous voulez est de retourner l'article en question et, une fois le retour accept\u00e9, de faire un achat s\u00e9par\u00e9 pour le nouvel article.<\/p>\n\n\n\n<h3 class=\"wp-block-heading\">Remboursement<\/h3>\n\n\n\n<p>Une fois le retour re\u00e7u et v\u00e9rifi\u00e9, nous vous informerons si le remboursement a \u00e9t\u00e9 approuv\u00e9 ou non. S'il est approuv\u00e9, le remboursement sera effectu\u00e9 automatiquement en utilisant le mode de paiement initial dans un d\u00e9lai de 10 jours ouvrables. Veuillez noter que la banque ou la soci\u00e9t\u00e9 de carte de cr\u00e9dit peut prendre un certain temps pour traiter et cr\u00e9diter votre remboursement.<\/p>\n\n\n\n<p>Si plus de 15 jours ouvrables se sont \u00e9coul\u00e9s depuis l'approbation de votre retour et que vous n'avez toujours pas re\u00e7u votre argent, veuillez nous contacter \u00e0 l'adresse info@perrincams.com.<\/p>\n\n\n\n<h2 class=\"wp-block-heading\">Politique sur les taxes locales<\/h2>\n\n\n\n<p>Les \u00e9ventuelles taxes ou droits appliqu\u00e9s par votre pays ne sont pas inclus dans le prix et restent \u00e0 votre charge, conform\u00e9ment \u00e0 la loi.<\/p>","protected":false},"excerpt":{"rendered":"<p>Politica di Rimborso e Reso Abbiamo una politica di restituzione di 30 giorni, il che significa che avete 30 giorni&#8230;<\/p>","protected":false},"author":1,"featured_media":0,"parent":0,"menu_order":0,"comment_status":"closed","ping_status":"closed","template":"","meta":{"footnotes":""},"class_list":["post-143","page","type-page","status-publish","hentry"],"yoast_head":"<!-- This site is optimized with the Yoast SEO plugin v27.3 - https:\/\/yoast.com\/product\/yoast-seo-wordpress\/ -->\n<title>Politica di Rimborso, Reso e Tasse - Perrin Cams<\/title>\n<meta name=\"robots\" content=\"index, follow, max-snippet:-1, max-image-preview:large, max-video-preview:-1\" \/>\n<link rel=\"canonical\" href=\"https:\/\/perrincams.com\/fr\/refund_returns\/\" \/>\n<meta property=\"og:locale\" content=\"fr_FR\" \/>\n<meta property=\"og:type\" content=\"article\" \/>\n<meta property=\"og:title\" content=\"Politica di Rimborso, Reso e Tasse - Perrin Cams\" \/>\n<meta property=\"og:description\" content=\"Politica di Rimborso e Reso Abbiamo una politica di restituzione di 30 giorni, il che significa che avete 30 giorni...\" \/>\n<meta property=\"og:url\" content=\"https:\/\/perrincams.com\/fr\/refund_returns\/\" \/>\n<meta property=\"og:site_name\" content=\"Perrin Cams\" \/>\n<meta property=\"article:modified_time\" content=\"2025-10-16T08:19:44+00:00\" \/>\n<meta name=\"twitter:card\" content=\"summary_large_image\" \/>\n<meta name=\"twitter:label1\" content=\"Dur\u00e9e de lecture estim\u00e9e\" \/>\n\t<meta name=\"twitter:data1\" content=\"2 minutes\" \/>\n<script type=\"application\/ld+json\" class=\"yoast-schema-graph\">{\"@context\":\"https:\\\/\\\/schema.org\",\"@graph\":[{\"@type\":\"WebPage\",\"@id\":\"https:\\\/\\\/perrincams.com\\\/refund_returns\\\/\",\"url\":\"https:\\\/\\\/perrincams.com\\\/refund_returns\\\/\",\"name\":\"Politica di Rimborso, Reso e Tasse - Perrin Cams\",\"isPartOf\":{\"@id\":\"https:\\\/\\\/perrincams.com\\\/#website\"},\"datePublished\":\"2022-11-17T15:22:42+00:00\",\"dateModified\":\"2025-10-16T08:19:44+00:00\",\"breadcrumb\":{\"@id\":\"https:\\\/\\\/perrincams.com\\\/refund_returns\\\/#breadcrumb\"},\"inLanguage\":\"fr-FR\",\"potentialAction\":[{\"@type\":\"ReadAction\",\"target\":[\"https:\\\/\\\/perrincams.com\\\/refund_returns\\\/\"]}]},{\"@type\":\"BreadcrumbList\",\"@id\":\"https:\\\/\\\/perrincams.com\\\/refund_returns\\\/#breadcrumb\",\"itemListElement\":[{\"@type\":\"ListItem\",\"position\":1,\"name\":\"Home\",\"item\":\"https:\\\/\\\/perrincams.com\\\/\"},{\"@type\":\"ListItem\",\"position\":2,\"name\":\"Politica di Rimborso, Reso e Tasse\"}]},{\"@type\":\"WebSite\",\"@id\":\"https:\\\/\\\/perrincams.com\\\/#website\",\"url\":\"https:\\\/\\\/perrincams.com\\\/\",\"name\":\"Perrin Cams\",\"description\":\"Cams Revolution\",\"publisher\":{\"@id\":\"https:\\\/\\\/perrincams.com\\\/#organization\"},\"potentialAction\":[{\"@type\":\"SearchAction\",\"target\":{\"@type\":\"EntryPoint\",\"urlTemplate\":\"https:\\\/\\\/perrincams.com\\\/?s={search_term_string}\"},\"query-input\":{\"@type\":\"PropertyValueSpecification\",\"valueRequired\":true,\"valueName\":\"search_term_string\"}}],\"inLanguage\":\"fr-FR\"},{\"@type\":\"Organization\",\"@id\":\"https:\\\/\\\/perrincams.com\\\/#organization\",\"name\":\"Perrin Cams\",\"url\":\"https:\\\/\\\/perrincams.com\\\/\",\"logo\":{\"@type\":\"ImageObject\",\"inLanguage\":\"fr-FR\",\"@id\":\"https:\\\/\\\/perrincams.com\\\/#\\\/schema\\\/logo\\\/image\\\/\",\"url\":\"https:\\\/\\\/perrincams.com\\\/wp-content\\\/uploads\\\/2022\\\/10\\\/perrin-cams-170x44b.png\",\"contentUrl\":\"https:\\\/\\\/perrincams.com\\\/wp-content\\\/uploads\\\/2022\\\/10\\\/perrin-cams-170x44b.png\",\"width\":170,\"height\":44,\"caption\":\"Perrin Cams\"},\"image\":{\"@id\":\"https:\\\/\\\/perrincams.com\\\/#\\\/schema\\\/logo\\\/image\\\/\"}}]}<\/script>\n<!-- \/ Yoast SEO plugin. -->","yoast_head_json":{"title":"Politica di Rimborso, Reso e Tasse - Perrin Cams","robots":{"index":"index","follow":"follow","max-snippet":"max-snippet:-1","max-image-preview":"max-image-preview:large","max-video-preview":"max-video-preview:-1"},"canonical":"https:\/\/perrincams.com\/fr\/refund_returns\/","og_locale":"fr_FR","og_type":"article","og_title":"Politica di Rimborso, Reso e Tasse - Perrin Cams","og_description":"Politica di Rimborso e Reso Abbiamo una politica di restituzione di 30 giorni, il che significa che avete 30 giorni...","og_url":"https:\/\/perrincams.com\/fr\/refund_returns\/","og_site_name":"Perrin Cams","article_modified_time":"2025-10-16T08:19:44+00:00","twitter_card":"summary_large_image","twitter_misc":{"Dur\u00e9e de lecture estim\u00e9e":"2 minutes"},"schema":{"@context":"https:\/\/schema.org","@graph":[{"@type":"WebPage","@id":"https:\/\/perrincams.com\/refund_returns\/","url":"https:\/\/perrincams.com\/refund_returns\/","name":"Politica di Rimborso, Reso e Tasse - Perrin Cams","isPartOf":{"@id":"https:\/\/perrincams.com\/#website"},"datePublished":"2022-11-17T15:22:42+00:00","dateModified":"2025-10-16T08:19:44+00:00","breadcrumb":{"@id":"https:\/\/perrincams.com\/refund_returns\/#breadcrumb"},"inLanguage":"fr-FR","potentialAction":[{"@type":"ReadAction","target":["https:\/\/perrincams.com\/refund_returns\/"]}]},{"@type":"BreadcrumbList","@id":"https:\/\/perrincams.com\/refund_returns\/#breadcrumb","itemListElement":[{"@type":"ListItem","position":1,"name":"Home","item":"https:\/\/perrincams.com\/"},{"@type":"ListItem","position":2,"name":"Politica di Rimborso, Reso e Tasse"}]},{"@type":"WebSite","@id":"https:\/\/perrincams.com\/#website","url":"https:\/\/perrincams.com\/","name":"Perrin Cams","description":"Cams Revolution","publisher":{"@id":"https:\/\/perrincams.com\/#organization"},"potentialAction":[{"@type":"SearchAction","target":{"@type":"EntryPoint","urlTemplate":"https:\/\/perrincams.com\/?s={search_term_string}"},"query-input":{"@type":"PropertyValueSpecification","valueRequired":true,"valueName":"search_term_string"}}],"inLanguage":"fr-FR"},{"@type":"Organization","@id":"https:\/\/perrincams.com\/#organization","name":"Perrin Cams","url":"https:\/\/perrincams.com\/","logo":{"@type":"ImageObject","inLanguage":"fr-FR","@id":"https:\/\/perrincams.com\/#\/schema\/logo\/image\/","url":"https:\/\/perrincams.com\/wp-content\/uploads\/2022\/10\/perrin-cams-170x44b.png","contentUrl":"https:\/\/perrincams.com\/wp-content\/uploads\/2022\/10\/perrin-cams-170x44b.png","width":170,"height":44,"caption":"Perrin Cams"},"image":{"@id":"https:\/\/perrincams.com\/#\/schema\/logo\/image\/"}}]}},"_links":{"self":[{"href":"https:\/\/perrincams.com\/fr\/wp-json\/wp\/v2\/pages\/143","targetHints":{"allow":["GET"]}}],"collection":[{"href":"https:\/\/perrincams.com\/fr\/wp-json\/wp\/v2\/pages"}],"about":[{"href":"https:\/\/perrincams.com\/fr\/wp-json\/wp\/v2\/types\/page"}],"author":[{"embeddable":true,"href":"https:\/\/perrincams.com\/fr\/wp-json\/wp\/v2\/users\/1"}],"replies":[{"embeddable":true,"href":"https:\/\/perrincams.com\/fr\/wp-json\/wp\/v2\/comments?post=143"}],"version-history":[{"count":9,"href":"https:\/\/perrincams.com\/fr\/wp-json\/wp\/v2\/pages\/143\/revisions"}],"predecessor-version":[{"id":592,"href":"https:\/\/perrincams.com\/fr\/wp-json\/wp\/v2\/pages\/143\/revisions\/592"}],"wp:attachment":[{"href":"https:\/\/perrincams.com\/fr\/wp-json\/wp\/v2\/media?parent=143"}],"curies":[{"name":"wp","href":"https:\/\/api.w.org\/{rel}","templated":true}]}}